{"id":3361,"date":"2025-08-19T09:56:47","date_gmt":"2025-08-19T07:56:47","guid":{"rendered":"https:\/\/soerenbauer.com\/?page_id=3361"},"modified":"2025-08-21T14:56:49","modified_gmt":"2025-08-21T12:56:49","slug":"soeren-ich","status":"publish","type":"page","link":"https:\/\/soerenbauer.com\/?page_id=3361","title":{"rendered":"S\u00f6ren &#038; ich"},"content":{"rendered":"\n<div class=\"wp-block-stackable-columns alignfull stk-block-columns stk-block stk-b5ccdb4 stk-block-background\" data-block-id=\"b5ccdb4\"><style>.stk-b5ccdb4 {background-color:var(--theme-palette-color-1, #2b52be) !important;padding-top:230px !important;padding-bottom:0px !important;margin-bottom:0px !important;}.stk-b5ccdb4:before{background-color:var(--theme-palette-color-1, #2b52be) !important;}@media screen and (max-width:999px){.stk-b5ccdb4 {padding-top:180px !important;}}<\/style><div class=\"stk-row stk-inner-blocks stk-block-content stk-content-align stk-b5ccdb4-column\">\n<div class=\"wp-block-stackable-column stk-block-column stk-column stk-block stk-871f4f1\" data-v=\"4\" data-block-id=\"871f4f1\"><style>.stk-871f4f1-container{margin-top:0px !important;margin-right:0px !important;margin-bottom:0px !important;margin-left:0px !important;}<\/style><div class=\"stk-column-wrapper stk-block-column__content stk-container stk-871f4f1-container stk--no-background stk--no-padding\"><div class=\"stk-block-content stk-inner-blocks stk-871f4f1-inner-blocks\">\n<div class=\"wp-block-stackable-text stk-block-text stk-block stk-8677478\" data-block-id=\"8677478\"><style>.stk-8677478 {margin-bottom:15px !important;opacity:0.4 !important;}.stk-8677478 .stk-block-text__text{color:var(u002du002dtheme-palette-color-8, #ffffff) !important;font-weight:700 !important;text-transform:uppercase !important;}<\/style><p class=\"stk-block-text__text has-text-color has-palette-color-8-color has-text-align-center\">Wir m\u00fcssen mit dem Mantra \u201aM\u00e4nner weinen nicht\u2018 brechen.<\/p><\/div>\n\n\n\n<div class=\"wp-block-stackable-heading stk-block-heading stk-block-heading--v2 stk-block stk-15a1637 stk-block-background\" id=\"soren-amp-ich-das-buch\" data-block-id=\"15a1637\"><style>.stk-15a1637 {background-color:var(--theme-palette-color-1, #2b52be) !important;margin-bottom:90px !important;}.stk-15a1637:before{background-color:var(--theme-palette-color-1, #2b52be) !important;}.stk-15a1637 .stk-block-heading__text{font-size:70px !important;color:var(u002du002dtheme-palette-color-8, #ffffff) !important;}@media screen and (max-width:999px){.stk-15a1637 {margin-bottom:80px !important;}.stk-15a1637 .stk-block-heading__text{font-size:35px !important;}}@media screen and (max-width:689px){.stk-15a1637 {margin-bottom:60px !important;}}<\/style><h2 class=\"stk-block-heading__text has-text-color has-palette-color-8-color has-text-align-center\">S\u00f6ren &amp; ich &#8211; Das Buch<\/h2><\/div>\n<\/div><\/div><\/div>\n<\/div><\/div>\n\n\n\n<div class=\"wp-block-stackable-spacer stk-block-spacer stk--no-padding stk-block stk-5464b11\" data-block-id=\"5464b11\"><style>.stk-5464b11 {height:100px !important;}@media screen and (max-width:999px){.stk-5464b11 {height:80px !important;}}<\/style><\/div>\n\n\n\n<div class=\"wp-block-stackable-columns stk-block-columns stk-block stk-0630def\" data-block-id=\"0630def\"><div class=\"stk-row stk-inner-blocks stk-block-content stk-content-align stk-0630def-column\">\n<div class=\"wp-block-stackable-column stk-block-column stk-column stk-block stk-1ebd1cd\" data-v=\"4\" data-block-id=\"1ebd1cd\"><div class=\"stk-column-wrapper stk-block-column__content stk-container stk-1ebd1cd-container stk--no-background stk--no-padding\"><div class=\"stk-block-content stk-inner-blocks stk-1ebd1cd-inner-blocks\">\n<div class=\"wp-block-stackable-heading stk-block-heading stk-block-heading--v2 stk-block stk-a8f7ad8\" id=\"strong-ein-personliches-buch-uber-trennung-transformation-und-die-kraft-des-neuanfangs-strong\" data-block-id=\"a8f7ad8\"><h2 class=\"stk-block-heading__text\"><strong>Ein pers\u00f6nliches Buch \u00fcber Trennung, Transformation und die Kraft des Neuanfangs<\/strong><\/h2><\/div>\n\n\n\n<div class=\"wp-block-stackable-text stk-block-text stk-block stk-029b263\" data-block-id=\"029b263\"><p class=\"stk-block-text__text\"><span style=\"color: #000000;\" class=\"stk-highlight\">Manchmal ist eine Trennung das Schrecklichste und Beste zugleich, was einem passieren kann.<br>Als S\u00f6ren Bauer nach 20 Jahren Ehe v\u00f6llig unerwartet von seiner Frau verlassen wird, rei\u00dft ihm das den Boden unter den F\u00fc\u00dfen weg.<\/span> <br><span style=\"color: #000000;\" class=\"stk-highlight\">Doch anstatt im Schmerz zu verharren, trifft er eine Entscheidung: Er will sich ver\u00e4ndern.<br>Ein einfacher Crosstrainer wird zum Symbol eines neuen Lebensabschnitts und der Beginn einer beeindruckenden Transformation.<\/span> <span style=\"color: #000000;\" class=\"stk-highlight\">S\u00f6ren verliert \u00fcber 30 Kilo. Vor allem aber befreit er sich von emotionalen Altlasten, \u00fcberkommenen Rollenbildern und gesellschaftlichen Erwartungen. Offen, ehrlich und manchmal schmerzhaft erz\u00e4hlt er davon, wie es ist, mit Mitte 50 pl\u00f6tzlich wieder zu daten, allein zu sein \u2013 und neu zu beginnen.<\/span><\/p><\/div>\n<\/div><\/div><\/div>\n\n\n\n<div class=\"wp-block-stackable-column stk-block-column stk-column stk-block stk-fafdfa8\" data-v=\"4\" data-block-id=\"fafdfa8\"><div class=\"stk-column-wrapper stk-block-column__content stk-container stk-fafdfa8-container stk--no-background stk--no-padding\"><div class=\"stk-block-content stk-inner-blocks stk-fafdfa8-inner-blocks\">\n<figure class=\"wp-block-image size-large\"><img loading=\"lazy\" decoding=\"async\" width=\"1024\" height=\"781\" src=\"https:\/\/soerenbauer.com\/wp-content\/uploads\/2025\/08\/Soeren-und-ich-1024x781.png\" alt=\"\" class=\"wp-image-3313\" srcset=\"https:\/\/soerenbauer.com\/wp-content\/uploads\/2025\/08\/Soeren-und-ich-1024x781.png 1024w, https:\/\/soerenbauer.com\/wp-content\/uploads\/2025\/08\/Soeren-und-ich-300x229.png 300w, https:\/\/soerenbauer.com\/wp-content\/uploads\/2025\/08\/Soeren-und-ich-768x586.png 768w, https:\/\/soerenbauer.com\/wp-content\/uploads\/2025\/08\/Soeren-und-ich-1536x1172.png 1536w, https:\/\/soerenbauer.com\/wp-content\/uploads\/2025\/08\/Soeren-und-ich-400x305.png 400w, https:\/\/soerenbauer.com\/wp-content\/uploads\/2025\/08\/Soeren-und-ich-700x534.png 700w, https:\/\/soerenbauer.com\/wp-content\/uploads\/2025\/08\/Soeren-und-ich.png 1613w\" sizes=\"auto, (max-width: 1024px) 100vw, 1024px\" \/><\/figure>\n<\/div><\/div><\/div>\n<\/div><\/div>\n\n\n\n<div class=\"wp-block-stackable-columns stk-block-columns stk-block stk-5d59b07\" data-block-id=\"5d59b07\"><style>.stk-5d59b07 {margin-bottom:0px !important;}.stk-5d59b07-column{row-gap:30px !important;}<\/style><div class=\"stk-row stk-inner-blocks stk-block-content stk-content-align stk-5d59b07-column\">\n<div class=\"wp-block-stackable-column stk-block-column stk-column stk-block stk-0d4fefc\" data-v=\"4\" data-block-id=\"0d4fefc\"><style>.stk-0d4fefc-container{margin-top:0px !important;margin-right:0px !important;margin-bottom:0px !important;margin-left:0px !important;}<\/style><div class=\"stk-column-wrapper stk-block-column__content stk-container stk-0d4fefc-container stk--no-background stk--no-padding\"><div class=\"stk-block-content stk-inner-blocks stk-0d4fefc-inner-blocks\">\n<div class=\"wp-block-stackable-heading stk-block-heading stk-block-heading--v2 stk-block stk-4f531fa\" id=\"warum-dieses-buch\" data-block-id=\"4f531fa\"><style>.stk-4f531fa {max-width:600px !important;min-width:auto !important;}.stk-4f531fa .stk-block-heading__text{font-size:40px !important;}@media screen and (max-width:999px){.stk-4f531fa .stk-block-heading__text{font-size:35px !important;}}<\/style><h2 class=\"stk-block-heading__text has-text-align-center-mobile\">Warum dieses Buch?<\/h2><\/div>\n<\/div><\/div><\/div>\n<\/div><\/div>\n\n\n\n<div class=\"wp-block-stackable-columns stk-block-columns stk-block stk-0e9413a\" data-block-id=\"0e9413a\"><style>.stk-0e9413a {margin-bottom:0px !important;}.stk-0e9413a-column{--stk-column-gap:60px !important;row-gap:50px !important;}<\/style><div class=\"stk-row stk-inner-blocks stk-block-content stk-content-align stk-0e9413a-column\">\n<div class=\"wp-block-stackable-column stk-block-column stk-column stk-block stk-42e004d\" data-v=\"4\" data-block-id=\"42e004d\"><style>.stk-42e004d-container{margin-top:0px !important;margin-right:0px !important;margin-bottom:0px !important;margin-left:0px !important;}<\/style><div class=\"stk-column-wrapper stk-block-column__content stk-container stk-42e004d-container stk--no-background stk--no-padding\"><div class=\"stk-block-content stk-inner-blocks stk-42e004d-inner-blocks\">\n<div class=\"wp-block-stackable-text stk-block-text stk-block stk-a025132\" data-block-id=\"a025132\"><p class=\"stk-block-text__text has-text-align-center-mobile\"><span style=\"color: #000000;\" class=\"stk-highlight\">Weil es Zeit ist, dass auch M\u00e4nner \u00fcber Trennungen sprechen d\u00fcrfen. Weil Abschied nicht nur Ende, sondern auch Aufbruch bedeutet.<br>Und weil Ver\u00e4nderung immer m\u00f6glich ist \u2013 egal, wann.<\/span><\/p><\/div>\n<\/div><\/div><\/div>\n<\/div><\/div>\n\n\n\n<div class=\"wp-block-stackable-video-popup stk-block-video-popup stk-block stk-b893822\" data-video=\"https:\/\/youtu.be\/Kh5-nRcpzgo\" data-block-id=\"b893822\"><style>.stk-b893822 {margin-bottom:0px !important;}<\/style><div class=\"stk-block-video-popup__overlay stk-row stk-inner-blocks stk-block-content stk-hover-parent\" aria-label=\"Play Video\" tabindex=\"0\" role=\"button\">\n<div class=\"wp-block-stackable-icon stk-block-icon has-text-align-center stk-block stk-24ecd2d\" data-block-id=\"24ecd2d\"><style>.stk-24ecd2d .stk--svg-wrapper .stk--inner-svg svg:last-child{height:50px !important;width:50px !important;}.stk-24ecd2d .stk--svg-wrapper .stk--inner-svg svg:last-child, .stk-24ecd2d .stk--svg-wrapper .stk--inner-svg svg:last-child :is(g, path, rect, polygon, ellipse){fill:var(--theme-palette-color-8, #ffffff) !important;}<\/style><span class=\"stk--svg-wrapper\"><div class=\"stk--inner-svg\"><svg style=\"height:0;width:0\"><defs><linearGradient id=\"linear-gradient-24ecd2d\" x1=\"0\" x2=\"100%\" y1=\"0\" y2=\"0\"><stop offset=\"0%\" style=\"stop-opacity:1;stop-color:var(--linear-gradient-24-ecd-2-d-color-1)\"><\/stop><stop offset=\"100%\" style=\"stop-opacity:1;stop-color:var(--linear-gradient-24-ecd-2-d-color-2)\"><\/stop><\/linearGradient><\/defs><\/svg><svg data-prefix=\"fas\" data-icon=\"play\" class=\"svg-inline--fa fa-play fa-w-14\" xmlns=\"http:\/\/www.w3.org\/2000\/svg\" viewBox=\"0 0 448 512\" aria-hidden=\"true\" width=\"32\" height=\"32\"><path fill=\"currentColor\" d=\"M424.4 214.7L72.4 6.6C43.8-10.3 0 6.1 0 47.9V464c0 37.5 40.7 60.1 72.4 41.3l352-208c31.4-18.5 31.5-64.1 0-82.6z\"><\/path><\/svg><\/div><\/span><\/div>\n\n\n\n<div class=\"wp-block-stackable-image stk-block-image stk-block stk-de75dcf\" data-block-id=\"de75dcf\"><style>@media screen and (max-width:689px){.stk-de75dcf .stk-img-wrapper{height:300px !important;}}<\/style><\/div>\n<\/div><\/div>\n\n\n\n<div class=\"wp-block-stackable-spacer stk-block-spacer stk--no-padding stk-block stk-54b5ff7\" data-block-id=\"54b5ff7\"><style>.stk-54b5ff7 {height:50px !important;}@media screen and (max-width:999px){.stk-54b5ff7 {height:80px !important;}}<\/style><\/div>\n\n\n\n<div class=\"wp-block-stackable-spacer stk-block-spacer stk--no-padding stk-block stk-66802bd\" data-block-id=\"66802bd\"><style>.stk-66802bd {height:50px !important;}@media screen and (max-width:999px){.stk-66802bd {height:80px !important;}}<\/style><\/div>\n\n\n\n<div class=\"wp-block-stackable-columns stk-block-columns stk-block stk-4754272 stk-block-background\" data-block-id=\"4754272\"><style>.stk-4754272 {background-color:#4dcd8f !important;padding-top:55px !important;padding-right:70px !important;padding-bottom:55px !important;padding-left:70px !important;margin-top:-90px !important;margin-bottom:0px !important;}.stk-4754272:before{background-color:#4dcd8f !important;}.stk-4754272-column{--stk-column-gap:10px !important;row-gap:10px !important;}@media screen and (max-width:999px){.stk-4754272 {padding-top:40px !important;padding-right:40px !important;padding-bottom:40px !important;padding-left:40px !important;}}@media screen and (max-width:689px){.stk-4754272 {padding-top:50px !important;padding-right:35px !important;padding-bottom:50px !important;padding-left:35px !important;}.stk-4754272-column{row-gap:25px !important;}}<\/style><div class=\"stk-row stk-inner-blocks stk-block-content stk-content-align stk-4754272-column\">\n<div class=\"wp-block-stackable-column stk-block-column stk-column stk-block stk-2bed40a\" data-v=\"4\" data-block-id=\"2bed40a\"><style>.stk-2bed40a-container{margin-top:0px !important;margin-right:0px !important;margin-bottom:0px !important;margin-left:0px !important;}@media screen and (min-width:690px){.stk-2bed40a {flex:var(--stk-flex-grow, 1) 1 10% !important;}}@media screen and (min-width:690px) and (max-width:999px){.stk-2bed40a {flex:var(--stk-flex-grow, 1) 1 calc(15% - var(--stk-column-gap, 0px) * 2 \/ 3 ) !important;}}<\/style><div class=\"stk-column-wrapper stk-block-column__content stk-container stk-2bed40a-container stk--no-background stk--no-padding\"><div class=\"stk-block-content stk-inner-blocks stk-2bed40a-inner-blocks\">\n<div class=\"wp-block-stackable-icon stk-block-icon has-text-align-center-mobile stk-block stk-f6cbe4c\" data-block-id=\"f6cbe4c\"><style>.stk-f6cbe4c .stk--svg-wrapper .stk--inner-svg svg:last-child{height:80px !important;width:80px !important;}.stk-f6cbe4c .stk--svg-wrapper .stk--inner-svg svg:last-child, .stk-f6cbe4c .stk--svg-wrapper .stk--inner-svg svg:last-child :is(g, path, rect, polygon, ellipse){fill:var(--theme-palette-color-8, #ffffff) !important;}<\/style><span class=\"stk--svg-wrapper\"><div class=\"stk--inner-svg\"><svg style=\"height:0;width:0\"><defs><linearGradient id=\"linear-gradient-f6cbe4c\" x1=\"0\" x2=\"100%\" y1=\"0\" y2=\"0\"><stop offset=\"0%\" style=\"stop-opacity:1;stop-color:var(--linear-gradient-f-6-cbe-4-c-color-1)\"><\/stop><stop offset=\"100%\" style=\"stop-opacity:1;stop-color:var(--linear-gradient-f-6-cbe-4-c-color-2)\"><\/stop><\/linearGradient><\/defs><\/svg><svg xmlns=\"http:\/\/www.w3.org\/2000\/svg\" viewBox=\"0 0 384 512\" aria-hidden=\"true\" width=\"32\" height=\"32\"><path d=\"M0 48C0 21.5 21.5 0 48 0l0 48V441.4l130.1-92.9c8.3-6 19.6-6 27.9 0L336 441.4V48H48V0H336c26.5 0 48 21.5 48 48V488c0 9-5 17.2-13 21.3s-17.6 3.4-24.9-1.8L192 397.5 37.9 507.5c-7.3 5.2-16.9 5.9-24.9 1.8S0 497 0 488V48z\"><\/path><\/svg><\/div><\/span><\/div>\n<\/div><\/div><\/div>\n\n\n\n<div class=\"wp-block-stackable-column stk-block-column stk-column stk-block stk-516d330\" data-v=\"4\" data-block-id=\"516d330\"><style>.stk-516d330-container{margin-top:0px !important;margin-right:0px !important;margin-bottom:0px !important;margin-left:0px !important;}.stk-516d330 {align-self:center !important;}@media screen and (min-width:690px){.stk-516d330 {flex:var(--stk-flex-grow, 1) 1 65% !important;}}@media screen and (min-width:690px) and (max-width:999px){.stk-516d330 {flex:var(--stk-flex-grow, 1) 1 calc(60% - var(--stk-column-gap, 0px) * 2 \/ 3 ) !important;}}<\/style><div class=\"stk-column-wrapper stk-block-column__content stk-container stk-516d330-container stk--no-background stk--no-padding\"><div class=\"stk-block-content stk-inner-blocks stk-516d330-inner-blocks\">\n<div class=\"wp-block-stackable-heading stk-block-heading stk-block-heading--v2 stk-block stk-8d6006f\" id=\"ab-20-august-2025-im-handel\" data-block-id=\"8d6006f\"><style>.stk-8d6006f {margin-bottom:0px !important;}.stk-8d6006f .stk-block-heading__text{font-size:22px !important;color:var(--theme-palette-color-8, #ffffff) !important;}@media screen and (max-width:999px){.stk-8d6006f .stk-block-heading__text{font-size:22px !important;}}<\/style><h6 class=\"stk-block-heading__text has-text-color has-palette-color-8-color has-text-align-center-mobile stk-block-heading--use-theme-margins\">Ab 20. August 2025 im Handel<\/h6><\/div>\n\n\n\n<div class=\"wp-block-stackable-text stk-block-text stk-block stk-0b75cce\" data-block-id=\"0b75cce\"><style>.stk-0b75cce .stk-block-text__text{color:var(--theme-palette-color-8, #ffffff) !important;}<\/style><p class=\"stk-block-text__text has-text-color has-palette-color-8-color has-text-align-center-mobile\"><em>S\u00f6ren &amp; ich<\/em> \u2013 ein pers\u00f6nliches Buch \u00fcber Trennung, Ver\u00e4nderung und die Kraft, neu anzufangen.<\/p><\/div>\n<\/div><\/div><\/div>\n\n\n\n<div class=\"wp-block-stackable-column stk-block-column stk-column stk-block stk-29ab775\" data-v=\"4\" data-block-id=\"29ab775\"><style>.stk-29ab775-container{margin-top:0px !important;margin-right:0px !important;margin-bottom:0px !important;margin-left:0px !important;}.stk-29ab775 {align-self:center !important;}@media screen and (min-width:690px){.stk-29ab775 {flex:var(--stk-flex-grow, 1) 1 25% !important;}}@media screen and (min-width:690px) and (max-width:999px){.stk-29ab775 {flex:var(--stk-flex-grow, 1) 1 calc(25% - var(--stk-column-gap, 0px) * 2 \/ 3 ) !important;}}<\/style><div class=\"stk-column-wrapper stk-block-column__content stk-container stk-29ab775-container stk--no-background stk--no-padding\"><div class=\"stk-block-content stk-inner-blocks stk-29ab775-inner-blocks\">\n<div class=\"wp-block-stackable-button-group stk-block-button-group stk-block stk-55900c7\" data-block-id=\"55900c7\"><div class=\"stk-row stk-inner-blocks has-text-align-right has-text-align-center-mobile stk-block-content stk-button-group\">\n<div class=\"wp-block-stackable-button stk-block-button stk-block stk-2b904ee\" data-block-id=\"2b904ee\"><style>.stk-2b904ee .stk-button{padding-right:30px !important;padding-left:30px !important;background:var(--theme-palette-color-8, #ffffff) !important;}.stk-2b904ee .stk-button:hover:after{background:var(--theme-palette-color-4, #17383e) !important;opacity:1 !important;}.stk-2b904ee .stk-button__inner-text{font-size:17px !important;color:var(--theme-palette-color-3, #17383e) !important;font-weight:600 !important;}.stk-2b904ee .stk-button:hover .stk-button__inner-text{color:var(--theme-palette-color-8, #ffffff) !important;}@media screen and (max-width:999px){.stk-2b904ee .stk-button__inner-text{font-size:17px !important;}}<\/style><a class=\"stk-link stk-button stk--hover-effect-darken\" href=\"https:\/\/www.amazon.de\/dp\/3833897864\" target=\"_blank\" rel=\"noreferrer noopener\"><span class=\"has-text-color has-palette-color-3-color stk-button__inner-text\">MEHR ERFAHREN<\/span><\/a><\/div>\n<\/div><\/div>\n<\/div><\/div><\/div>\n<\/div><\/div>\n\n\n\n<div style=\"height:100px\" aria-hidden=\"true\" class=\"wp-block-spacer\"><\/div>\n\n\n\n<div class=\"wp-block-stackable-heading stk-block-heading stk-block-heading--v2 stk-block stk-1d1e781\" id=\"strong-uber-den-autor-strong\" data-block-id=\"1d1e781\"><h2 class=\"stk-block-heading__text\"><strong>\u00dcber den Autor<\/strong><\/h2><\/div>\n\n\n\n<p><span style=\"color: #000000;\" class=\"stk-highlight\">S\u00f6ren Bauer\u00a0ist Medienunternehmer, Netzwerker und Speaker. Seit 30 Jahren pr\u00e4gt er die Event- und Kommunikationslandschaft im deutschsprachigen Raum. Als Gr\u00fcnder der\u00a0<em>S\u00f6ren Bauer Events GmbH<\/em>\u00a0entwickelte er Formate wie\u00a0<em>Movie meets Media<\/em>, den\u00a0<em>Deutschen Sportjournalistenpreis<\/em>\u00a0und den\u00a0<em>EuroMinds Summit<\/em>.<\/span><\/p>\n\n\n\n<p><span style=\"color: #000000;\" class=\"stk-highlight\">Als Verleger ver\u00f6ffentlichte er Magazine wie\u00a0<em>Hi-Lights Hamburg<\/em>\u00a0und\u00a0<em>Secrets of Success<\/em>. Mit der Firma Leaders Web GmbH betreibt er den\u00a0<em>Face-Club.com.<\/em>\u00a0Ein exklusives Netzwerk mit \u00fcber 20.000 Entscheider:innen aus Wirtschaft, Medien, Wissenschaft und Politik.<\/span><\/p>\n\n\n\n<p><span style=\"color: #000000;\" class=\"stk-highlight\">Heute ber\u00e4t er Unternehmen in Transformationsprozessen, tritt als Redner auf \u2013 und spricht im Podcast\u00a0<em>Kilohelden<\/em>\u00a0\u00fcber K\u00f6rper, Identit\u00e4t und Wandel.<\/span><\/p>\n\n\n\n<h2 class=\"wp-block-heading\">&nbsp;<\/h2>\n","protected":false},"excerpt":{"rendered":"<p>Ein pers\u00f6nliches Buch \u00fcber Trennung, Transformation und die Kraft des Neuanfangs Manchmal ist eine Trennung das Schrecklichste und Beste zugleich, was einem passieren kann.Als S\u00f6ren Bauer nach 20 Jahren Ehe v\u00f6llig unerwartet von seiner Frau verlassen wird, rei\u00dft ihm das den Boden unter den F\u00fc\u00dfen weg. Doch anstatt im Schmerz zu verharren, trifft er eine [&hellip;]<\/p>\n","protected":false},"author":2,"featured_media":0,"parent":0,"menu_order":0,"comment_status":"closed","ping_status":"closed","template":"","meta":{"cybocfi_hide_featured_image":"","footnotes":""},"class_list":["post-3361","page","type-page","status-publish","hentry"],"blocksy_meta":{"styles_descriptor":{"styles":{"desktop":"","tablet":"","mobile":""},"google_fonts":[],"version":6},"page_title_panel":"","has_hero_section":"disabled","56dc8bb8328744ce058b8d9cd82b2d38":"","hero_section":"type-1","hero_elements":[{"id":"custom_title","enabled":true,"heading_tag":"h1","title":"Home"},{"id":"custom_description","enabled":true,"description_visibility":{"desktop":true,"tablet":true,"mobile":false}},{"id":"custom_meta","enabled":false,"meta_elements":[{"id":"author","enabled":true,"label":"By","has_author_avatar":"yes","avatar_size":25},{"id":"post_date","enabled":true,"label":"On","date_format_source":"default","date_format":"M j, Y"},{"id":"updated_date","enabled":false,"label":"On","date_format_source":"default","date_format":"M j, Y"},{"id":"categories","enabled":false,"label":"In","style":"simple"},{"id":"comments","enabled":true}],"page_meta_elements":{"joined":true,"articles_count":true,"comments":true}},{"id":"breadcrumbs","enabled":false}],"df2ebe791f90eea1db152da20fbeac92":"","hero_alignment1":"CT_CSS_SKIP_RULE","hero_margin":40,"hero_alignment2":"center","hero_vertical_alignment":"center","7306495ef28b7caa97798dffa77f609b":"","hero_structure":"narrow","3270ae7e31121afd49dc0a0aa5e67f73":"","page_title_bg_type":"featured_image","custom_hero_background":{"attachment_id":null},"parallax":{"desktop":false,"tablet":false,"mobile":false},"b44a1e6cd9de7c8def311d113a9c577e":"","hero_height":"250px","pageTitleFont":{"family":"Default","variation":"Default","size":"30px","line-height":"CT_CSS_SKIP_RULE","letter-spacing":"CT_CSS_SKIP_RULE","text-transform":"CT_CSS_SKIP_RULE","text-decoration":"CT_CSS_SKIP_RULE"},"pageTitleFontColor":{"default":{"color":"CT_CSS_SKIP_RULEDEFAULT"}},"pageMetaFont":{"family":"Default","variation":"n6","size":"12px","line-height":"1.3","letter-spacing":"CT_CSS_SKIP_RULE","text-transform":"uppercase","text-decoration":"CT_CSS_SKIP_RULE"},"pageMetaFontColor":{"default":{"color":"CT_CSS_SKIP_RULEDEFAULT"},"hover":{"color":"CT_CSS_SKIP_RULEDEFAULT"}},"page_meta_button_type_font_colors":{"default":{"color":"CT_CSS_SKIP_RULEDEFAULT"},"hover":{"color":"CT_CSS_SKIP_RULEDEFAULT"}},"page_meta_button_type_background_colors":{"default":{"color":"CT_CSS_SKIP_RULEDEFAULT"},"hover":{"color":"CT_CSS_SKIP_RULEDEFAULT"}},"pageExcerptFont":{"family":"Default","variation":"Default","size":"CT_CSS_SKIP_RULE","line-height":"CT_CSS_SKIP_RULE","letter-spacing":"CT_CSS_SKIP_RULE","text-transform":"CT_CSS_SKIP_RULE","text-decoration":"CT_CSS_SKIP_RULE"},"pageExcerptColor":{"default":{"color":"CT_CSS_SKIP_RULEDEFAULT"}},"breadcrumbsFont":{"family":"Default","variation":"Default","size":"CT_CSS_SKIP_RULE","line-height":"CT_CSS_SKIP_RULE","letter-spacing":"CT_CSS_SKIP_RULE","text-transform":"CT_CSS_SKIP_RULE","text-decoration":"CT_CSS_SKIP_RULE"},"breadcrumbsFontColor":{"default":{"color":"CT_CSS_SKIP_RULEDEFAULT"},"initial":{"color":"CT_CSS_SKIP_RULEDEFAULT"},"hover":{"color":"CT_CSS_SKIP_RULEDEFAULT"}},"pageTitleOverlay":{"background_type":"color","background_pattern":"type-1","background_image":{"attachment_id":null,"x":0,"y":0},"gradient":"linear-gradient(135deg,rgba(6,147,227,1) 0%,rgb(155,81,224) 100%)","background_repeat":"repeat","background_size":"auto","background_attachment":"scroll","patternColor":{"default":{"color":"#e5e7ea"}},"overlayColor":{"default":{"color":"CT_CSS_SKIP_RULE"}},"backgroundColor":{"default":{"color":"CT_CSS_SKIP_RULE"}}},"pageTitleBackground":{"background_type":"color","background_pattern":"type-1","background_image":{"attachment_id":null,"x":0,"y":0},"gradient":"linear-gradient(135deg,rgba(6,147,227,1) 0%,rgb(155,81,224) 100%)","background_repeat":"repeat","background_size":"auto","background_attachment":"scroll","patternColor":{"default":{"color":"#e5e7ea"}},"overlayColor":{"default":{"color":"CT_CSS_SKIP_RULE"}},"backgroundColor":{"default":{"color":"var(--theme-palette-color-6)"}}},"pageTitlePadding":{"top":"50px","bottom":"50px","left":"auto","right":"auto","linked":true},"349d28852cc80bf2afbda0c5bf393627":"","page_structure_type":"default","8e98da53888c0fde48b562c569fb7662":"","content_style_source":"inherit","content_style":"wide","vertical_spacing_source":"custom","content_area_spacing":"none","background":{"background_type":"color","background_pattern":"type-1","background_image":{"attachment_id":null,"x":0,"y":0},"gradient":"linear-gradient(135deg,rgba(6,147,227,1) 0%,rgb(155,81,224) 100%)","background_repeat":"repeat","background_size":"auto","background_attachment":"scroll","patternColor":{"default":{"color":"#e5e7ea"}},"overlayColor":{"default":{"color":"CT_CSS_SKIP_RULE"}},"backgroundColor":{"default":{"color":"CT_CSS_SKIP_RULE"}}},"content_background":{"background_type":"color","background_pattern":"type-1","background_image":{"attachment_id":null,"x":0,"y":0},"gradient":"linear-gradient(135deg,rgba(6,147,227,1) 0%,rgb(155,81,224) 100%)","background_repeat":"repeat","background_size":"auto","background_attachment":"scroll","patternColor":{"default":{"color":"#e5e7ea"}},"overlayColor":{"default":{"color":"CT_CSS_SKIP_RULE"}},"backgroundColor":{"default":{"color":"var(--theme-palette-color-8)"}}},"content_boxed_shadow":{"inherit":false,"blur":18,"spread":-6,"v_offset":12,"h_offset":0,"inset":false,"enable":true,"color":{"color":"rgba(34, 56, 101, 0.04)"}},"boxed_content_spacing":{"desktop":{"top":"40px","bottom":"40px","left":"40px","right":"40px","linked":true},"tablet":{"top":"35px","bottom":"35px","left":"35px","right":"35px","linked":true},"mobile":{"top":"20px","bottom":"20px","left":"20px","right":"20px","linked":true}},"content_boxed_radius":{"top":"3px","bottom":"3px","left":"3px","right":"3px","linked":true},"f8ecb128d0a0b88b8863f080a2e72733":"","disable_featured_image":"no","disable_header":"no","disable_footer":"no"},"_links":{"self":[{"href":"https:\/\/soerenbauer.com\/index.php?rest_route=\/wp\/v2\/pages\/3361","targetHints":{"allow":["GET"]}}],"collection":[{"href":"https:\/\/soerenbauer.com\/index.php?rest_route=\/wp\/v2\/pages"}],"about":[{"href":"https:\/\/soerenbauer.com\/index.php?rest_route=\/wp\/v2\/types\/page"}],"author":[{"embeddable":true,"href":"https:\/\/soerenbauer.com\/index.php?rest_route=\/wp\/v2\/users\/2"}],"replies":[{"embeddable":true,"href":"https:\/\/soerenbauer.com\/index.php?rest_route=%2Fwp%2Fv2%2Fcomments&post=3361"}],"version-history":[{"count":10,"href":"https:\/\/soerenbauer.com\/index.php?rest_route=\/wp\/v2\/pages\/3361\/revisions"}],"predecessor-version":[{"id":3415,"href":"https:\/\/soerenbauer.com\/index.php?rest_route=\/wp\/v2\/pages\/3361\/revisions\/3415"}],"wp:attachment":[{"href":"https:\/\/soerenbauer.com\/index.php?rest_route=%2Fwp%2Fv2%2Fmedia&parent=3361"}],"curies":[{"name":"wp","href":"https:\/\/api.w.org\/{rel}","templated":true}]}}