{"id":3355,"date":"2025-08-19T09:43:37","date_gmt":"2025-08-19T07:43:37","guid":{"rendered":"https:\/\/soerenbauer.com\/?page_id=3355"},"modified":"2025-08-21T14:56:14","modified_gmt":"2025-08-21T12:56:14","slug":"presse","status":"publish","type":"page","link":"https:\/\/soerenbauer.com\/?page_id=3355","title":{"rendered":"Presse"},"content":{"rendered":"\n<div class=\"wp-block-stackable-columns alignfull stk-block-columns stk-block stk-b5ccdb4 stk-block-background\" data-block-id=\"b5ccdb4\"><style>.stk-b5ccdb4 {background-color:var(--theme-palette-color-1, #2b52be) !important;padding-top:230px !important;padding-bottom:0px !important;margin-bottom:0px !important;}.stk-b5ccdb4:before{background-color:var(--theme-palette-color-1, #2b52be) !important;}@media screen and (max-width:999px){.stk-b5ccdb4 {padding-top:180px !important;}}<\/style><div class=\"stk-row stk-inner-blocks stk-block-content stk-content-align stk-b5ccdb4-column\">\n<div class=\"wp-block-stackable-column stk-block-column stk-column stk-block stk-871f4f1\" data-v=\"4\" data-block-id=\"871f4f1\"><style>.stk-871f4f1-container{margin-top:0px !important;margin-right:0px !important;margin-bottom:0px !important;margin-left:0px !important;}<\/style><div class=\"stk-column-wrapper stk-block-column__content stk-container stk-871f4f1-container stk--no-background stk--no-padding\"><div class=\"stk-block-content stk-inner-blocks stk-871f4f1-inner-blocks\">\n<div class=\"wp-block-stackable-text stk-block-text stk-block stk-8677478\" data-block-id=\"8677478\"><style>.stk-8677478 {margin-bottom:15px !important;opacity:0.4 !important;}.stk-8677478 .stk-block-text__text{color:var(u002du002dtheme-palette-color-8, #ffffff) !important;font-weight:700 !important;text-transform:uppercase !important;}<\/style><p class=\"stk-block-text__text has-text-color has-palette-color-8-color has-text-align-center\">Wirkung entsteht dort, wo Menschen sich wiederfinden.<\/p><\/div>\n\n\n\n<div class=\"wp-block-stackable-heading stk-block-heading stk-block-heading--v2 stk-block stk-15a1637 stk-block-background\" id=\"presse\" data-block-id=\"15a1637\"><style>.stk-15a1637 {background-color:var(--theme-palette-color-1, #2b52be) !important;margin-bottom:90px !important;}.stk-15a1637:before{background-color:var(--theme-palette-color-1, #2b52be) !important;}.stk-15a1637 .stk-block-heading__text{font-size:70px !important;color:var(u002du002dtheme-palette-color-8, #ffffff) !important;}@media screen and (max-width:999px){.stk-15a1637 {margin-bottom:80px !important;}.stk-15a1637 .stk-block-heading__text{font-size:35px !important;}}@media screen and (max-width:689px){.stk-15a1637 {margin-bottom:60px !important;}}<\/style><h2 class=\"stk-block-heading__text has-text-color has-palette-color-8-color has-text-align-center\">Presse<\/h2><\/div>\n<\/div><\/div><\/div>\n<\/div><\/div>\n\n\n\n<div class=\"wp-block-stackable-spacer stk-block-spacer stk--no-padding stk-block stk-5464b11\" data-block-id=\"5464b11\"><style>.stk-5464b11 {height:100px !important;}@media screen and (max-width:999px){.stk-5464b11 {height:80px !important;}}<\/style><\/div>\n\n\n\n<div class=\"wp-block-stackable-columns stk-block-columns stk-block stk-5d59b07\" data-block-id=\"5d59b07\"><style>.stk-5d59b07 {margin-bottom:0px !important;}.stk-5d59b07-column{row-gap:30px !important;}<\/style><div class=\"stk-row stk-inner-blocks stk-block-content stk-content-align stk-5d59b07-column\">\n<div class=\"wp-block-stackable-column stk-block-column stk-column stk-block stk-0d4fefc\" data-v=\"4\" data-block-id=\"0d4fefc\"><style>.stk-0d4fefc-container{margin-top:0px !important;margin-right:0px !important;margin-bottom:0px !important;margin-left:0px !important;}<\/style><div class=\"stk-column-wrapper stk-block-column__content stk-container stk-0d4fefc-container stk--no-background stk--no-padding\"><div class=\"stk-block-content stk-inner-blocks stk-0d4fefc-inner-blocks\">\n<div class=\"wp-block-stackable-heading stk-block-heading stk-block-heading--v2 stk-block stk-4f531fa\" id=\"presseberichte-amp-offentliche-resonanz\" data-block-id=\"4f531fa\"><style>.stk-4f531fa {max-width:600px !important;min-width:auto !important;}.stk-4f531fa .stk-block-heading__text{font-size:40px !important;}@media screen and (max-width:999px){.stk-4f531fa .stk-block-heading__text{font-size:35px !important;}}<\/style><h2 class=\"stk-block-heading__text has-text-align-center-mobile\">Presseberichte &amp; \u00f6ffentliche Resonanz<\/h2><\/div>\n<\/div><\/div><\/div>\n<\/div><\/div>\n\n\n\n<div class=\"wp-block-stackable-spacer stk-block-spacer stk--no-padding stk-block stk-d44ff71\" data-block-id=\"d44ff71\"><style>.stk-d44ff71 {height:100px !important;}@media screen and (max-width:999px){.stk-d44ff71 {height:80px !important;}}<\/style><\/div>\n\n\n\n<div class=\"wp-block-stackable-columns stk-block-columns stk-block stk-0e9413a\" data-block-id=\"0e9413a\"><style>.stk-0e9413a {margin-bottom:0px !important;}.stk-0e9413a-column{--stk-column-gap:60px !important;row-gap:50px !important;}<\/style><div class=\"stk-row stk-inner-blocks stk-block-content stk-content-align stk-0e9413a-column\">\n<div class=\"wp-block-stackable-column stk-block-column stk-column stk-block stk-42e004d\" data-v=\"4\" data-block-id=\"42e004d\"><style>.stk-42e004d-container{margin-top:0px !important;margin-right:0px !important;margin-bottom:0px !important;margin-left:0px !important;}<\/style><div class=\"stk-column-wrapper stk-block-column__content stk-container stk-42e004d-container stk--no-background stk--no-padding\"><div class=\"stk-block-content stk-inner-blocks stk-42e004d-inner-blocks\">\n<div class=\"wp-block-stackable-text stk-block-text stk-block stk-a025132\" data-block-id=\"a025132\"><p class=\"stk-block-text__text has-text-align-center-mobile\"><span style=\"color: #000000;\" class=\"stk-highlight\">Ich bin \u00fcberzeugt: Gute Arbeit spricht sich herum. Deshalb freue ich mich \u00fcber jede Berichterstattung, die mehr ist als ein PR-Text \u2013 sondern echte Geschichten erz\u00e4hlt. Einige davon finden Sie hier.<\/span><\/p><\/div>\n<\/div><\/div><\/div>\n<\/div><\/div>\n\n\n\n<div class=\"wp-block-stackable-spacer stk-block-spacer stk--no-padding stk-block stk-9a58607\" data-block-id=\"9a58607\"><style>.stk-9a58607 {height:100px !important;}@media screen and (max-width:999px){.stk-9a58607 {height:80px !important;}}<\/style><\/div>\n\n\n\n<div class=\"wp-block-stackable-video-popup stk-block-video-popup stk-block stk-b893822\" data-video=\"https:\/\/youtu.be\/Kh5-nRcpzgo\" data-block-id=\"b893822\"><style>.stk-b893822 {margin-bottom:0px !important;}<\/style><div class=\"stk-block-video-popup__overlay stk-row stk-inner-blocks stk-block-content stk-hover-parent\" aria-label=\"Play Video\" tabindex=\"0\" role=\"button\">\n<div class=\"wp-block-stackable-icon stk-block-icon has-text-align-center stk-block stk-24ecd2d\" data-block-id=\"24ecd2d\"><style>.stk-24ecd2d .stk--svg-wrapper .stk--inner-svg svg:last-child{height:50px !important;width:50px !important;}.stk-24ecd2d .stk--svg-wrapper .stk--inner-svg svg:last-child, .stk-24ecd2d .stk--svg-wrapper .stk--inner-svg svg:last-child :is(g, path, rect, polygon, ellipse){fill:var(--theme-palette-color-8, #ffffff) !important;}<\/style><span class=\"stk--svg-wrapper\"><div class=\"stk--inner-svg\"><svg style=\"height:0;width:0\"><defs><linearGradient id=\"linear-gradient-24ecd2d\" x1=\"0\" x2=\"100%\" y1=\"0\" y2=\"0\"><stop offset=\"0%\" style=\"stop-opacity:1;stop-color:var(--linear-gradient-24-ecd-2-d-color-1)\"><\/stop><stop offset=\"100%\" style=\"stop-opacity:1;stop-color:var(--linear-gradient-24-ecd-2-d-color-2)\"><\/stop><\/linearGradient><\/defs><\/svg><svg data-prefix=\"fas\" data-icon=\"play\" class=\"svg-inline--fa fa-play fa-w-14\" xmlns=\"http:\/\/www.w3.org\/2000\/svg\" viewBox=\"0 0 448 512\" aria-hidden=\"true\" width=\"32\" height=\"32\"><path fill=\"currentColor\" d=\"M424.4 214.7L72.4 6.6C43.8-10.3 0 6.1 0 47.9V464c0 37.5 40.7 60.1 72.4 41.3l352-208c31.4-18.5 31.5-64.1 0-82.6z\"><\/path><\/svg><\/div><\/span><\/div>\n\n\n\n<div class=\"wp-block-stackable-image stk-block-image stk-block stk-de75dcf\" data-block-id=\"de75dcf\"><style>@media screen and (max-width:689px){.stk-de75dcf .stk-img-wrapper{height:300px !important;}}<\/style><\/div>\n<\/div><\/div>\n\n\n\n<div class=\"wp-block-stackable-spacer stk-block-spacer stk--no-padding stk-block stk-54b5ff7\" data-block-id=\"54b5ff7\"><style>.stk-54b5ff7 {height:100px !important;}@media screen and (max-width:999px){.stk-54b5ff7 {height:80px !important;}}<\/style><\/div>\n\n\n\n<figure class=\"wp-block-gallery has-nested-images columns-4 wp-block-gallery-1 is-layout-flex wp-block-gallery-is-layout-flex\">\n<figure class=\"wp-block-image size-large is-style-default\"><img loading=\"lazy\" decoding=\"async\" width=\"854\" height=\"1024\" data-id=\"3450\" src=\"https:\/\/soerenbauer.com\/wp-content\/uploads\/2025\/08\/Bildschirmfoto-2025-08-21-um-12.06.51-854x1024.png\" alt=\"\" class=\"wp-image-3450\" srcset=\"https:\/\/soerenbauer.com\/wp-content\/uploads\/2025\/08\/Bildschirmfoto-2025-08-21-um-12.06.51-854x1024.png 854w, https:\/\/soerenbauer.com\/wp-content\/uploads\/2025\/08\/Bildschirmfoto-2025-08-21-um-12.06.51-250x300.png 250w, https:\/\/soerenbauer.com\/wp-content\/uploads\/2025\/08\/Bildschirmfoto-2025-08-21-um-12.06.51-768x921.png 768w, https:\/\/soerenbauer.com\/wp-content\/uploads\/2025\/08\/Bildschirmfoto-2025-08-21-um-12.06.51-1281x1536.png 1281w, https:\/\/soerenbauer.com\/wp-content\/uploads\/2025\/08\/Bildschirmfoto-2025-08-21-um-12.06.51.png 1540w\" sizes=\"auto, (max-width: 854px) 100vw, 854px\" \/><\/figure>\n\n\n\n<figure class=\"wp-block-image size-medium\"><img loading=\"lazy\" decoding=\"async\" width=\"300\" height=\"148\" data-id=\"3357\" src=\"https:\/\/soerenbauer.com\/wp-content\/uploads\/2025\/08\/WamS_22.06.25_EuroMinds-300x148.jpg\" alt=\"\" class=\"wp-image-3357\" srcset=\"https:\/\/soerenbauer.com\/wp-content\/uploads\/2025\/08\/WamS_22.06.25_EuroMinds-300x148.jpg 300w, https:\/\/soerenbauer.com\/wp-content\/uploads\/2025\/08\/WamS_22.06.25_EuroMinds-400x197.jpg 400w, https:\/\/soerenbauer.com\/wp-content\/uploads\/2025\/08\/WamS_22.06.25_EuroMinds.jpg 565w\" sizes=\"auto, (max-width: 300px) 100vw, 300px\" \/><figcaption class=\"wp-element-caption\">Welt am Sonntag &#8211; 22. Juni 2025<\/figcaption><\/figure>\n\n\n\n<figure class=\"wp-block-image size-large\"><img loading=\"lazy\" decoding=\"async\" width=\"322\" height=\"1024\" data-id=\"3451\" src=\"https:\/\/soerenbauer.com\/wp-content\/uploads\/2025\/08\/Bildschirmfoto-2025-08-21-um-12.08.56-322x1024.png\" alt=\"\" class=\"wp-image-3451\" srcset=\"https:\/\/soerenbauer.com\/wp-content\/uploads\/2025\/08\/Bildschirmfoto-2025-08-21-um-12.08.56-322x1024.png 322w, https:\/\/soerenbauer.com\/wp-content\/uploads\/2025\/08\/Bildschirmfoto-2025-08-21-um-12.08.56-94x300.png 94w, https:\/\/soerenbauer.com\/wp-content\/uploads\/2025\/08\/Bildschirmfoto-2025-08-21-um-12.08.56.png 654w\" sizes=\"auto, (max-width: 322px) 100vw, 322px\" \/><\/figure>\n\n\n\n<figure class=\"wp-block-image size-large\"><img loading=\"lazy\" decoding=\"async\" width=\"717\" height=\"1024\" data-id=\"3452\" src=\"https:\/\/soerenbauer.com\/wp-content\/uploads\/2025\/08\/Clap_Magazin_MmM_Bericht_Dez.2025-717x1024.jpg\" alt=\"\" class=\"wp-image-3452\" srcset=\"https:\/\/soerenbauer.com\/wp-content\/uploads\/2025\/08\/Clap_Magazin_MmM_Bericht_Dez.2025-717x1024.jpg 717w, https:\/\/soerenbauer.com\/wp-content\/uploads\/2025\/08\/Clap_Magazin_MmM_Bericht_Dez.2025-210x300.jpg 210w, https:\/\/soerenbauer.com\/wp-content\/uploads\/2025\/08\/Clap_Magazin_MmM_Bericht_Dez.2025-768x1097.jpg 768w, https:\/\/soerenbauer.com\/wp-content\/uploads\/2025\/08\/Clap_Magazin_MmM_Bericht_Dez.2025-1075x1536.jpg 1075w, https:\/\/soerenbauer.com\/wp-content\/uploads\/2025\/08\/Clap_Magazin_MmM_Bericht_Dez.2025.jpg 1120w\" sizes=\"auto, (max-width: 717px) 100vw, 717px\" \/><\/figure>\n\n\n\n<figure class=\"wp-block-image size-large\"><img loading=\"lazy\" decoding=\"async\" width=\"698\" height=\"1024\" data-id=\"3453\" src=\"https:\/\/soerenbauer.com\/wp-content\/uploads\/2025\/08\/MmM_Bericht_Cityglow_Bild_2_Jan.2025-698x1024.png\" alt=\"\" class=\"wp-image-3453\" srcset=\"https:\/\/soerenbauer.com\/wp-content\/uploads\/2025\/08\/MmM_Bericht_Cityglow_Bild_2_Jan.2025-698x1024.png 698w, https:\/\/soerenbauer.com\/wp-content\/uploads\/2025\/08\/MmM_Bericht_Cityglow_Bild_2_Jan.2025-204x300.png 204w, https:\/\/soerenbauer.com\/wp-content\/uploads\/2025\/08\/MmM_Bericht_Cityglow_Bild_2_Jan.2025-768x1127.png 768w, https:\/\/soerenbauer.com\/wp-content\/uploads\/2025\/08\/MmM_Bericht_Cityglow_Bild_2_Jan.2025.png 869w\" sizes=\"auto, (max-width: 698px) 100vw, 698px\" \/><\/figure>\n\n\n\n<figure class=\"wp-block-image size-large\"><img loading=\"lazy\" decoding=\"async\" width=\"640\" height=\"956\" data-id=\"3468\" src=\"https:\/\/soerenbauer.com\/wp-content\/uploads\/2025\/08\/Bildschirmfoto-2025-08-21-um-14.49.54.png\" alt=\"\" class=\"wp-image-3468\" srcset=\"https:\/\/soerenbauer.com\/wp-content\/uploads\/2025\/08\/Bildschirmfoto-2025-08-21-um-14.49.54.png 640w, https:\/\/soerenbauer.com\/wp-content\/uploads\/2025\/08\/Bildschirmfoto-2025-08-21-um-14.49.54-201x300.png 201w\" sizes=\"auto, (max-width: 640px) 100vw, 640px\" \/><\/figure>\n\n\n\n<figure class=\"wp-block-image size-large\"><img loading=\"lazy\" decoding=\"async\" width=\"970\" height=\"1024\" data-id=\"3469\" src=\"https:\/\/soerenbauer.com\/wp-content\/uploads\/2025\/08\/Bildschirmfoto-2025-08-21-um-14.50.06-970x1024.png\" alt=\"\" class=\"wp-image-3469\" srcset=\"https:\/\/soerenbauer.com\/wp-content\/uploads\/2025\/08\/Bildschirmfoto-2025-08-21-um-14.50.06-970x1024.png 970w, https:\/\/soerenbauer.com\/wp-content\/uploads\/2025\/08\/Bildschirmfoto-2025-08-21-um-14.50.06-284x300.png 284w, https:\/\/soerenbauer.com\/wp-content\/uploads\/2025\/08\/Bildschirmfoto-2025-08-21-um-14.50.06-768x811.png 768w, https:\/\/soerenbauer.com\/wp-content\/uploads\/2025\/08\/Bildschirmfoto-2025-08-21-um-14.50.06.png 1235w\" sizes=\"auto, (max-width: 970px) 100vw, 970px\" \/><\/figure>\n\n\n\n<figure class=\"wp-block-image size-large\"><img loading=\"lazy\" decoding=\"async\" width=\"1018\" height=\"1024\" data-id=\"3470\" src=\"https:\/\/soerenbauer.com\/wp-content\/uploads\/2025\/08\/Bildschirmfoto-2025-08-21-um-14.50.18-1018x1024.png\" alt=\"\" class=\"wp-image-3470\" srcset=\"https:\/\/soerenbauer.com\/wp-content\/uploads\/2025\/08\/Bildschirmfoto-2025-08-21-um-14.50.18-1018x1024.png 1018w, https:\/\/soerenbauer.com\/wp-content\/uploads\/2025\/08\/Bildschirmfoto-2025-08-21-um-14.50.18-298x300.png 298w, https:\/\/soerenbauer.com\/wp-content\/uploads\/2025\/08\/Bildschirmfoto-2025-08-21-um-14.50.18-150x150.png 150w, https:\/\/soerenbauer.com\/wp-content\/uploads\/2025\/08\/Bildschirmfoto-2025-08-21-um-14.50.18-768x773.png 768w, https:\/\/soerenbauer.com\/wp-content\/uploads\/2025\/08\/Bildschirmfoto-2025-08-21-um-14.50.18.png 1020w\" sizes=\"auto, (max-width: 1018px) 100vw, 1018px\" \/><\/figure>\n<\/figure>\n\n\n\n<p><\/p>\n","protected":false},"excerpt":{"rendered":"<p>Wirkung entsteht dort, wo Menschen sich wiederfinden. Presse Presseberichte &amp; \u00f6ffentliche Resonanz Ich bin \u00fcberzeugt: Gute Arbeit spricht sich herum. Deshalb freue ich mich \u00fcber jede Berichterstattung, die mehr ist als ein PR-Text \u2013 sondern echte Geschichten erz\u00e4hlt. Einige davon finden Sie hier.<\/p>\n","protected":false},"author":2,"featured_media":0,"parent":0,"menu_order":0,"comment_status":"closed","ping_status":"closed","template":"","meta":{"cybocfi_hide_featured_image":"","footnotes":""},"class_list":["post-3355","page","type-page","status-publish","hentry"],"blocksy_meta":{"styles_descriptor":{"styles":{"desktop":"","tablet":"","mobile":""},"google_fonts":[],"version":6},"page_title_panel":"","has_hero_section":"disabled","56dc8bb8328744ce058b8d9cd82b2d38":"","hero_section":"type-1","hero_elements":[{"id":"custom_title","enabled":true,"heading_tag":"h1","title":"Home"},{"id":"custom_description","enabled":true,"description_visibility":{"desktop":true,"tablet":true,"mobile":false}},{"id":"custom_meta","enabled":false,"meta_elements":[{"id":"author","enabled":true,"label":"By","has_author_avatar":"yes","avatar_size":25},{"id":"post_date","enabled":true,"label":"On","date_format_source":"default","date_format":"M j, Y"},{"id":"updated_date","enabled":false,"label":"On","date_format_source":"default","date_format":"M j, Y"},{"id":"categories","enabled":false,"label":"In","style":"simple"},{"id":"comments","enabled":true}],"page_meta_elements":{"joined":true,"articles_count":true,"comments":true}},{"id":"breadcrumbs","enabled":false}],"df2ebe791f90eea1db152da20fbeac92":"","hero_alignment1":"CT_CSS_SKIP_RULE","hero_margin":40,"hero_alignment2":"center","hero_vertical_alignment":"center","7306495ef28b7caa97798dffa77f609b":"","hero_structure":"narrow","3270ae7e31121afd49dc0a0aa5e67f73":"","page_title_bg_type":"featured_image","custom_hero_background":{"attachment_id":null},"parallax":{"desktop":false,"tablet":false,"mobile":false},"b44a1e6cd9de7c8def311d113a9c577e":"","hero_height":"250px","pageTitleFont":{"family":"Default","variation":"Default","size":"30px","line-height":"CT_CSS_SKIP_RULE","letter-spacing":"CT_CSS_SKIP_RULE","text-transform":"CT_CSS_SKIP_RULE","text-decoration":"CT_CSS_SKIP_RULE"},"pageTitleFontColor":{"default":{"color":"CT_CSS_SKIP_RULEDEFAULT"}},"pageMetaFont":{"family":"Default","variation":"n6","size":"12px","line-height":"1.3","letter-spacing":"CT_CSS_SKIP_RULE","text-transform":"uppercase","text-decoration":"CT_CSS_SKIP_RULE"},"pageMetaFontColor":{"default":{"color":"CT_CSS_SKIP_RULEDEFAULT"},"hover":{"color":"CT_CSS_SKIP_RULEDEFAULT"}},"page_meta_button_type_font_colors":{"default":{"color":"CT_CSS_SKIP_RULEDEFAULT"},"hover":{"color":"CT_CSS_SKIP_RULEDEFAULT"}},"page_meta_button_type_background_colors":{"default":{"color":"CT_CSS_SKIP_RULEDEFAULT"},"hover":{"color":"CT_CSS_SKIP_RULEDEFAULT"}},"pageExcerptFont":{"family":"Default","variation":"Default","size":"CT_CSS_SKIP_RULE","line-height":"CT_CSS_SKIP_RULE","letter-spacing":"CT_CSS_SKIP_RULE","text-transform":"CT_CSS_SKIP_RULE","text-decoration":"CT_CSS_SKIP_RULE"},"pageExcerptColor":{"default":{"color":"CT_CSS_SKIP_RULEDEFAULT"}},"breadcrumbsFont":{"family":"Default","variation":"Default","size":"CT_CSS_SKIP_RULE","line-height":"CT_CSS_SKIP_RULE","letter-spacing":"CT_CSS_SKIP_RULE","text-transform":"CT_CSS_SKIP_RULE","text-decoration":"CT_CSS_SKIP_RULE"},"breadcrumbsFontColor":{"default":{"color":"CT_CSS_SKIP_RULEDEFAULT"},"initial":{"color":"CT_CSS_SKIP_RULEDEFAULT"},"hover":{"color":"CT_CSS_SKIP_RULEDEFAULT"}},"pageTitleOverlay":{"background_type":"color","background_pattern":"type-1","background_image":{"attachment_id":null,"x":0,"y":0},"gradient":"linear-gradient(135deg,rgba(6,147,227,1) 0%,rgb(155,81,224) 100%)","background_repeat":"repeat","background_size":"auto","background_attachment":"scroll","patternColor":{"default":{"color":"#e5e7ea"}},"overlayColor":{"default":{"color":"CT_CSS_SKIP_RULE"}},"backgroundColor":{"default":{"color":"CT_CSS_SKIP_RULE"}}},"pageTitleBackground":{"background_type":"color","background_pattern":"type-1","background_image":{"attachment_id":null,"x":0,"y":0},"gradient":"linear-gradient(135deg,rgba(6,147,227,1) 0%,rgb(155,81,224) 100%)","background_repeat":"repeat","background_size":"auto","background_attachment":"scroll","patternColor":{"default":{"color":"#e5e7ea"}},"overlayColor":{"default":{"color":"CT_CSS_SKIP_RULE"}},"backgroundColor":{"default":{"color":"var(--theme-palette-color-6)"}}},"pageTitlePadding":{"top":"50px","bottom":"50px","left":"auto","right":"auto","linked":true},"349d28852cc80bf2afbda0c5bf393627":"","page_structure_type":"default","8e98da53888c0fde48b562c569fb7662":"","content_style_source":"inherit","content_style":"wide","vertical_spacing_source":"custom","content_area_spacing":"none","background":{"background_type":"color","background_pattern":"type-1","background_image":{"attachment_id":null,"x":0,"y":0},"gradient":"linear-gradient(135deg,rgba(6,147,227,1) 0%,rgb(155,81,224) 100%)","background_repeat":"repeat","background_size":"auto","background_attachment":"scroll","patternColor":{"default":{"color":"#e5e7ea"}},"overlayColor":{"default":{"color":"CT_CSS_SKIP_RULE"}},"backgroundColor":{"default":{"color":"CT_CSS_SKIP_RULE"}}},"content_background":{"background_type":"color","background_pattern":"type-1","background_image":{"attachment_id":null,"x":0,"y":0},"gradient":"linear-gradient(135deg,rgba(6,147,227,1) 0%,rgb(155,81,224) 100%)","background_repeat":"repeat","background_size":"auto","background_attachment":"scroll","patternColor":{"default":{"color":"#e5e7ea"}},"overlayColor":{"default":{"color":"CT_CSS_SKIP_RULE"}},"backgroundColor":{"default":{"color":"var(--theme-palette-color-8)"}}},"content_boxed_shadow":{"inherit":false,"blur":18,"spread":-6,"v_offset":12,"h_offset":0,"inset":false,"enable":true,"color":{"color":"rgba(34, 56, 101, 0.04)"}},"boxed_content_spacing":{"desktop":{"top":"40px","bottom":"40px","left":"40px","right":"40px","linked":true},"tablet":{"top":"35px","bottom":"35px","left":"35px","right":"35px","linked":true},"mobile":{"top":"20px","bottom":"20px","left":"20px","right":"20px","linked":true}},"content_boxed_radius":{"top":"3px","bottom":"3px","left":"3px","right":"3px","linked":true},"f8ecb128d0a0b88b8863f080a2e72733":"","disable_featured_image":"no","disable_header":"no","disable_footer":"no"},"_links":{"self":[{"href":"https:\/\/soerenbauer.com\/index.php?rest_route=\/wp\/v2\/pages\/3355","targetHints":{"allow":["GET"]}}],"collection":[{"href":"https:\/\/soerenbauer.com\/index.php?rest_route=\/wp\/v2\/pages"}],"about":[{"href":"https:\/\/soerenbauer.com\/index.php?rest_route=\/wp\/v2\/types\/page"}],"author":[{"embeddable":true,"href":"https:\/\/soerenbauer.com\/index.php?rest_route=\/wp\/v2\/users\/2"}],"replies":[{"embeddable":true,"href":"https:\/\/soerenbauer.com\/index.php?rest_route=%2Fwp%2Fv2%2Fcomments&post=3355"}],"version-history":[{"count":4,"href":"https:\/\/soerenbauer.com\/index.php?rest_route=\/wp\/v2\/pages\/3355\/revisions"}],"predecessor-version":[{"id":3471,"href":"https:\/\/soerenbauer.com\/index.php?rest_route=\/wp\/v2\/pages\/3355\/revisions\/3471"}],"wp:attachment":[{"href":"https:\/\/soerenbauer.com\/index.php?rest_route=%2Fwp%2Fv2%2Fmedia&parent=3355"}],"curies":[{"name":"wp","href":"https:\/\/api.w.org\/{rel}","templated":true}]}}