{"id":13,"date":"2025-08-19T09:35:42","date_gmt":"2025-08-19T07:35:42","guid":{"rendered":"https:\/\/startersites.io\/blocksy\/petsy\/?page_id=13"},"modified":"2025-08-21T14:54:33","modified_gmt":"2025-08-21T12:54:33","slug":"kontakt","status":"publish","type":"page","link":"https:\/\/soerenbauer.com\/?page_id=13","title":{"rendered":"Kontakt &#038; Impressum"},"content":{"rendered":"\n<div class=\"wp-block-stackable-columns alignfull stk-block-columns stk-block stk-b5ccdb4 stk-block-background\" data-block-id=\"b5ccdb4\"><style>.stk-b5ccdb4 {background-color:var(--theme-palette-color-1, #2b52be) !important;padding-top:230px !important;padding-bottom:60px !important;margin-bottom:0px !important;}.stk-b5ccdb4:before{background-color:var(--theme-palette-color-1, #2b52be) !important;}@media screen and (max-width:999px){.stk-b5ccdb4 {padding-top:180px !important;}}<\/style><div class=\"stk-row stk-inner-blocks stk-block-content stk-content-align stk-b5ccdb4-column\">\n<div class=\"wp-block-stackable-column stk-block-column stk-column stk-block stk-871f4f1\" data-v=\"4\" data-block-id=\"871f4f1\"><style>.stk-871f4f1-container{margin-top:0px !important;margin-right:0px !important;margin-bottom:0px !important;margin-left:0px !important;}<\/style><div class=\"stk-column-wrapper stk-block-column__content stk-container stk-871f4f1-container stk--no-background stk--no-padding\"><div class=\"stk-block-content stk-inner-blocks stk-871f4f1-inner-blocks\">\n<div class=\"wp-block-stackable-text stk-block-text stk-block stk-8677478\" data-block-id=\"8677478\"><style>.stk-8677478 {margin-bottom:15px !important;opacity:0.4 !important;}.stk-8677478 .stk-block-text__text{color:var(--theme-palette-color-8, #ffffff) !important;font-weight:700 !important;text-transform:uppercase !important;}<\/style><p class=\"stk-block-text__text has-text-color has-palette-color-8-color has-text-align-center\">Sie m\u00f6chten mehr erfahren oder direkt Kontakt aufnehmen?<\/p><\/div>\n\n\n\n<div class=\"wp-block-stackable-heading stk-block-heading stk-block-heading--v2 stk-block stk-15a1637\" id=\"kontakt\" data-block-id=\"15a1637\"><style>.stk-15a1637 {margin-bottom:0px !important;}.stk-15a1637 .stk-block-heading__text{font-size:70px !important;color:var(--theme-palette-color-8, #ffffff) !important;}@media screen and (max-width:999px){.stk-15a1637 .stk-block-heading__text{font-size:35px !important;}}<\/style><h2 class=\"stk-block-heading__text has-text-color has-palette-color-8-color has-text-align-center\">Kontakt<\/h2><\/div>\n\n\n\n<div class=\"wp-block-stackable-spacer stk-block-spacer stk--no-padding stk-block stk-8715a42\" data-block-id=\"8715a42\"><style>.stk-8715a42 {height:100px !important;}@media screen and (max-width:999px){.stk-8715a42 {height:100px !important;}}<\/style><\/div>\n\n\n\n<div class=\"wp-block-stackable-columns stk-block-columns stk-block stk-2169c57\" data-block-id=\"2169c57\"><style>.stk-2169c57 {margin-bottom:0px !important;}.stk-2169c57-column{--stk-column-gap:30px !important;row-gap:50px !important;}<\/style><div class=\"stk-row stk-inner-blocks stk-block-content stk-content-align stk-2169c57-column\">\n<div class=\"wp-block-stackable-column stk-block-column stk-column stk-block stk-4f4f857\" data-v=\"4\" data-block-id=\"4f4f857\"><style>.stk-4f4f857-container{margin-top:0px !important;margin-right:0px !important;margin-bottom:0px !important;margin-left:0px !important;}@media screen and (min-width:690px){.stk-4f4f857 {flex:var(--stk-flex-grow, 1) 1 calc(66% - var(--stk-column-gap, 0px) * 2 \/ 3 ) !important;}}@media screen and (min-width:690px) and (max-width:999px){.stk-4f4f857 {flex:var(--stk-flex-grow, 1) 1 calc(50% - var(--stk-column-gap, 0px) * 1 \/ 2 ) !important;}}<\/style><div class=\"stk-column-wrapper stk-block-column__content stk-container stk-4f4f857-container stk--no-background stk--no-padding\"><div class=\"stk-block-content stk-inner-blocks stk-4f4f857-inner-blocks\">\n<div class=\"wp-block-stackable-icon stk-block-icon has-text-align-center stk-block stk-4fd2420\" data-block-id=\"4fd2420\"><style>.stk-4fd2420 {margin-bottom:15px !important;}.stk-4fd2420 .stk--svg-wrapper .stk--inner-svg svg:last-child, .stk-4fd2420 .stk--svg-wrapper .stk--inner-svg svg:last-child :is(g, path, rect, polygon, ellipse){fill:var(--theme-palette-color-8, #ffffff) !important;}<\/style><span class=\"stk--svg-wrapper\"><div class=\"stk--inner-svg\"><svg style=\"height:0;width:0\"><defs><linearGradient id=\"linear-gradient-4fd2420\" x1=\"0\" x2=\"100%\" y1=\"0\" y2=\"0\"><stop offset=\"0%\" style=\"stop-opacity:1;stop-color:var(--linear-gradient-4-fd-2420-color-1)\"><\/stop><stop offset=\"100%\" style=\"stop-opacity:1;stop-color:var(--linear-gradient-4-fd-2420-color-2)\"><\/stop><\/linearGradient><\/defs><\/svg><svg class=\"ugb-custom-icon\" xmlns=\"http:\/\/www.w3.org\/2000\/svg\" viewBox=\"0 0 28 28\" xml:space=\"preserve\" aria-hidden=\"true\" width=\"32\" height=\"32\">\n  <path d=\"M14 28c-.19 0-.39-.06-.55-.17-.45-.3-11.08-7.49-11.08-16.19 0-3.11 1.21-6.03 3.41-8.23C7.97 1.21 10.89 0 14 0c6.42 0 11.63 5.22 11.64 11.63 0 8.71-10.63 15.89-11.08 16.19-.17.12-.37.18-.56.18zm0-26c-2.58 0-5 1-6.82 2.82-1.82 1.82-2.82 4.24-2.82 6.81 0 6.59 7.51 12.57 9.64 14.14 2.13-1.56 9.64-7.55 9.64-14.14C23.64 6.32 19.31 2 14 2zm0 15c-2.76 0-5-2.24-5-5s2.24-5 5-5 5 2.24 5 5-2.24 5-5 5zm0-8c-1.65 0-3 1.35-3 3s1.35 3 3 3 3-1.35 3-3-1.35-3-3-3z\" fill=\"#17383e\"><\/path>\n<\/svg><\/div><\/span><\/div>\n\n\n\n<div class=\"wp-block-stackable-heading stk-block-heading stk-block-heading--v2 stk-block stk-67d22ed\" id=\"post\" data-block-id=\"67d22ed\"><style>.stk-67d22ed {margin-bottom:15px !important;}.stk-67d22ed .stk-block-heading__text{color:var(--theme-palette-color-8, #ffffff) !important;}<\/style><h5 class=\"stk-block-heading__text has-text-color has-palette-color-8-color has-text-align-center\">Post<\/h5><\/div>\n\n\n\n<div class=\"wp-block-stackable-text stk-block-text stk-block stk-46800ea\" data-block-id=\"46800ea\"><style>.stk-46800ea .stk-block-text__text{color:var(--theme-palette-color-8, #ffffff) !important;}<\/style><p class=\"stk-block-text__text has-text-color has-palette-color-8-color has-text-align-center\">Postfach 13 01 69<br>20101 Hamburg<\/p><\/div>\n<\/div><\/div><\/div>\n\n\n\n<div class=\"wp-block-stackable-column stk-block-column stk-column stk-block stk-ffb0d67\" data-v=\"4\" data-block-id=\"ffb0d67\"><style>.stk-ffb0d67-container{margin-top:0px !important;margin-right:0px !important;margin-bottom:0px !important;margin-left:0px !important;}@media screen and (min-width:690px){.stk-ffb0d67 {flex:var(--stk-flex-grow, 1) 1 calc(22.8% - var(--stk-column-gap, 0px) * 2 \/ 3 ) !important;}}@media screen and (min-width:690px) and (max-width:999px){.stk-ffb0d67 {flex:var(--stk-flex-grow, 1) 1 calc(50% - var(--stk-column-gap, 0px) * 1 \/ 2 ) !important;}}<\/style><div class=\"stk-column-wrapper stk-block-column__content stk-container stk-ffb0d67-container stk--no-background stk--no-padding\"><div class=\"stk-block-content stk-inner-blocks stk-ffb0d67-inner-blocks\">\n<div class=\"wp-block-stackable-icon stk-block-icon has-text-align-center stk-block stk-d4814dd\" data-block-id=\"d4814dd\"><style>.stk-d4814dd {margin-bottom:15px !important;}.stk-d4814dd .stk--svg-wrapper .stk--inner-svg svg:last-child, .stk-d4814dd .stk--svg-wrapper .stk--inner-svg svg:last-child :is(g, path, rect, polygon, ellipse){fill:var(--theme-palette-color-8, #ffffff) !important;}<\/style><span class=\"stk--svg-wrapper\"><div class=\"stk--inner-svg\"><svg style=\"height:0;width:0\"><defs><linearGradient id=\"linear-gradient-d4814dd\" x1=\"0\" x2=\"100%\" y1=\"0\" y2=\"0\"><stop offset=\"0%\" style=\"stop-opacity:1;stop-color:var(--linear-gradient-d-4814-dd-color-1)\"><\/stop><stop offset=\"100%\" style=\"stop-opacity:1;stop-color:var(--linear-gradient-d-4814-dd-color-2)\"><\/stop><\/linearGradient><\/defs><\/svg><svg class=\"ugb-custom-icon\" xmlns=\"http:\/\/www.w3.org\/2000\/svg\" viewBox=\"0 0 28 28\" xml:space=\"preserve\" aria-hidden=\"true\" width=\"32\" height=\"32\">\n  <path d=\"M24.46 3H3.61C1.65 3.01.04 4.53 0 6.5v15.02C.04 23.45 1.64 25 3.54 25H24.39c1.96-.01 3.57-1.53 3.62-3.5V6.48C27.96 4.55 26.37 3 24.46 3zM3.56 5h20.86c.86-.03 1.56.67 1.58 1.5v.36l-12 8.2-12-8.2v-.34C2.02 5.68 2.72 5 3.56 5zm20.87 18H3.58c-.83.01-1.56-.67-1.58-1.5V9.28l11.44 7.81c.17.12.37.17.56.17s.39-.06.56-.17L26 9.28v12.2c-.02.84-.72 1.52-1.57 1.52z\" fill=\"#17383e\"><\/path>\n<\/svg><\/div><\/span><\/div>\n\n\n\n<div class=\"wp-block-stackable-heading stk-block-heading stk-block-heading--v2 stk-block stk-ebe2d8e\" id=\"e-mail\" data-block-id=\"ebe2d8e\"><style>.stk-ebe2d8e {margin-bottom:15px !important;}.stk-ebe2d8e .stk-block-heading__text{color:var(--theme-palette-color-8, #ffffff) !important;}<\/style><h5 class=\"stk-block-heading__text has-text-color has-palette-color-8-color has-text-align-center\">E-Mail<\/h5><\/div>\n\n\n\n<div class=\"wp-block-stackable-text stk-block-text stk-block stk-fa0fbdd\" data-block-id=\"fa0fbdd\"><style>.stk-fa0fbdd .stk-block-text__text{color:var(--theme-palette-color-8, #ffffff) !important;}<\/style><p class=\"stk-block-text__text has-text-color has-palette-color-8-color has-text-align-center\">info@soerenbauer.de<\/p><\/div>\n<\/div><\/div><\/div>\n\n\n\n<div class=\"wp-block-stackable-column stk-block-column stk-column stk-block stk-433fae0\" data-v=\"4\" data-block-id=\"433fae0\"><style>.stk-433fae0-container{margin-top:0px !important;margin-right:0px !important;margin-bottom:0px !important;margin-left:0px !important;}@media screen and (min-width:690px){.stk-433fae0 {flex:var(--stk-flex-grow, 1) 1 calc(11.2% - var(--stk-column-gap, 0px) * 2 \/ 3 ) !important;}}@media screen and (min-width:690px) and (max-width:999px){.stk-433fae0 {flex:var(--stk-flex-grow, 1) 1 calc(50% - var(--stk-column-gap, 0px) * 1 \/ 2 ) !important;}}<\/style><div class=\"stk-column-wrapper stk-block-column__content stk-container stk-433fae0-container stk--no-background stk--no-padding\"><div class=\"stk-block-content stk-inner-blocks stk-433fae0-inner-blocks\">\n<div class=\"wp-block-stackable-heading stk-block-heading stk-block-heading--v2 stk-block stk-0909173\" data-block-id=\"0909173\"><style>.stk-0909173 {margin-bottom:15px !important;}.stk-0909173 .stk-block-heading__text{color:var(--theme-palette-color-8, #ffffff) !important;}<\/style><h5 class=\"stk-block-heading__text has-text-color has-palette-color-8-color has-text-align-center\"><\/h5><\/div>\n\n\n\n<div class=\"wp-block-stackable-text stk-block-text stk-block stk-6a89ea0\" data-block-id=\"6a89ea0\"><style>.stk-6a89ea0 .stk-block-text__text{color:var(--theme-palette-color-8, #ffffff) !important;}<\/style><p class=\"stk-block-text__text has-text-color has-palette-color-8-color has-text-align-center\"><\/p><\/div>\n<\/div><\/div><\/div>\n<\/div><\/div>\n<\/div><\/div><\/div>\n<\/div><\/div>\n\n\n\n<div class=\"wp-block-stackable-spacer stk-block-spacer stk--no-padding stk-block stk-20af0e6\" data-block-id=\"20af0e6\"><style>.stk-20af0e6 {height:100px !important;}@media screen and (max-width:999px){.stk-20af0e6 {height:80px !important;}}<\/style><\/div>\n\n\n\n<div class=\"wp-block-stackable-columns stk-block-columns stk-block stk-0e0f844\" data-block-id=\"0e0f844\"><style>.stk-0e0f844 {margin-bottom:0px !important;}.stk-0e0f844-column{--stk-column-gap:60px !important;row-gap:50px !important;}<\/style><div class=\"stk-row stk-inner-blocks stk-block-content stk-content-align stk-0e0f844-column\">\n<div class=\"wp-block-stackable-column stk-block-column stk-column stk-block stk-ac0ab3b\" data-v=\"4\" data-block-id=\"ac0ab3b\"><div class=\"stk-column-wrapper stk-block-column__content stk-container stk-ac0ab3b-container stk--no-background stk--no-padding\"><div class=\"stk-block-content stk-inner-blocks stk-ac0ab3b-inner-blocks\">\n<div class=\"wp-block-stackable-heading stk-block-heading stk-block-heading--v2 stk-block stk-99051bd\" id=\"span-style-color-000000-class-stk-highlight-impressum-span\" data-block-id=\"99051bd\"><h2 class=\"stk-block-heading__text\"><span style=\"color: #000000;\" class=\"stk-highlight\">Impressum<\/span><\/h2><\/div>\n<\/div><\/div><\/div>\n<\/div><\/div>\n\n\n\n<div class=\"wp-block-stackable-spacer stk-block-spacer stk--no-padding stk-block stk-b225d3c\" data-block-id=\"b225d3c\"><style>.stk-b225d3c {height:50px !important;}@media screen and (max-width:999px){.stk-b225d3c {height:80px !important;}}<\/style><\/div>\n\n\n\n<div class=\"wp-block-stackable-text stk-block-text stk-block stk-f417dbd\" data-block-id=\"f417dbd\"><p class=\"stk-block-text__text\"><span style=\"color: #000000;\" class=\"stk-highlight\">Angaben gem\u00e4\u00df \u00a7 5 TMG:<\/span><\/p><\/div>\n\n\n\n<p><span style=\"color: #000000;\" class=\"stk-highlight\">S\u00f6ren Bauer<br>Poststra\u00dfe 25, 20354 Hamburg<br>Vertreten durch: S\u00f6ren Bauer<br>Telefon: 040.533 08 960<br>E-Mail: info@soerenbauer.de<\/span><\/p>\n\n\n\n<p><span style=\"color: #000000;\" class=\"stk-highlight\">Verantwortlich f\u00fcr den Inhalt nach \u00a7\u202f55 Abs. 2 RStV:<br>S\u00f6ren Bauer<\/span><\/p>\n\n\n\n<div class=\"wp-block-stackable-spacer stk-block-spacer stk--no-padding stk-block stk-d6d5f49\" data-block-id=\"d6d5f49\"><style>.stk-d6d5f49 {height:100px !important;}@media screen and (max-width:999px){.stk-d6d5f49 {height:80px !important;}}<\/style><\/div>\n","protected":false},"excerpt":{"rendered":"<p>Sie m\u00f6chten mehr erfahren oder direkt Kontakt aufnehmen? Kontakt Post Postfach 13 01 6920101 Hamburg E-Mail info@soerenbauer.de Impressum Angaben gem\u00e4\u00df \u00a7 5 TMG: S\u00f6ren BauerPoststra\u00dfe 25, 20354 HamburgVertreten durch: S\u00f6ren BauerTelefon: 040.533 08 960E-Mail: info@soerenbauer.de Verantwortlich f\u00fcr den Inhalt nach \u00a7\u202f55 Abs. 2 RStV:S\u00f6ren Bauer<\/p>\n","protected":false},"author":2,"featured_media":0,"parent":0,"menu_order":0,"comment_status":"closed","ping_status":"closed","template":"","meta":{"cybocfi_hide_featured_image":"","footnotes":""},"class_list":["post-13","page","type-page","status-publish","hentry"],"blocksy_meta":{"page_title_panel":"","has_hero_section":"disabled","7bae677aabcd6da40022192ab78fb681":"","hero_section":"type-1","hero_elements":[{"id":"custom_title","enabled":true,"heading_tag":"h1","title":"Home"},{"id":"custom_description","enabled":true,"description_visibility":{"desktop":true,"tablet":true,"mobile":false}},{"id":"custom_meta","enabled":false,"meta_elements":[{"id":"author","enabled":true,"label":"By","has_author_avatar":"yes","avatar_size":25},{"id":"post_date","enabled":true,"label":"On","date_format_source":"default","date_format":"M j, Y"},{"id":"updated_date","enabled":false,"label":"On","date_format_source":"default","date_format":"M j, Y"},{"id":"categories","enabled":false,"label":"In","style":"simple"},{"id":"comments","enabled":true}],"page_meta_elements":{"joined":true,"articles_count":true,"comments":true}},{"id":"breadcrumbs","enabled":false}],"22c7ae2811c0da4f3d98c5ef032f5ce4":"","hero_alignment1":"CT_CSS_SKIP_RULE","hero_margin":40,"hero_alignment2":"center","hero_vertical_alignment":"center","547ffdeea4bf8a3b73407e3a429606d9":"","hero_structure":"narrow","c8d2e625a6334d98971fb95b542c694b":"","page_title_bg_type":"featured_image","custom_hero_background":{"attachment_id":null},"parallax":{"desktop":false,"tablet":false,"mobile":false},"819ace3ed4a134b622f8955fa5df8c75":"","hero_height":"250px","pageTitleFont":{"family":"Default","variation":"Default","size":"30px","line-height":"CT_CSS_SKIP_RULE","letter-spacing":"CT_CSS_SKIP_RULE","text-transform":"CT_CSS_SKIP_RULE","text-decoration":"CT_CSS_SKIP_RULE"},"pageTitleFontColor":{"default":{"color":"CT_CSS_SKIP_RULEDEFAULT"}},"pageMetaFont":{"family":"Default","variation":"n6","size":"12px","line-height":"1.3","letter-spacing":"CT_CSS_SKIP_RULE","text-transform":"uppercase","text-decoration":"CT_CSS_SKIP_RULE"},"pageMetaFontColor":{"default":{"color":"CT_CSS_SKIP_RULEDEFAULT"},"hover":{"color":"CT_CSS_SKIP_RULEDEFAULT"}},"page_meta_button_type_font_colors":{"default":{"color":"CT_CSS_SKIP_RULEDEFAULT"},"hover":{"color":"CT_CSS_SKIP_RULEDEFAULT"}},"page_meta_button_type_background_colors":{"default":{"color":"CT_CSS_SKIP_RULEDEFAULT"},"hover":{"color":"CT_CSS_SKIP_RULEDEFAULT"}},"pageExcerptFont":{"family":"Default","variation":"Default","size":"CT_CSS_SKIP_RULE","line-height":"CT_CSS_SKIP_RULE","letter-spacing":"CT_CSS_SKIP_RULE","text-transform":"CT_CSS_SKIP_RULE","text-decoration":"CT_CSS_SKIP_RULE"},"pageExcerptColor":{"default":{"color":"CT_CSS_SKIP_RULEDEFAULT"}},"breadcrumbsFont":{"family":"Default","variation":"Default","size":"CT_CSS_SKIP_RULE","line-height":"CT_CSS_SKIP_RULE","letter-spacing":"CT_CSS_SKIP_RULE","text-transform":"CT_CSS_SKIP_RULE","text-decoration":"CT_CSS_SKIP_RULE"},"breadcrumbsFontColor":{"default":{"color":"CT_CSS_SKIP_RULEDEFAULT"},"initial":{"color":"CT_CSS_SKIP_RULEDEFAULT"},"hover":{"color":"CT_CSS_SKIP_RULEDEFAULT"}},"pageTitleOverlay":{"background_type":"color","background_pattern":"type-1","background_image":{"attachment_id":null,"x":0,"y":0},"gradient":"linear-gradient(135deg,rgba(6,147,227,1) 0%,rgb(155,81,224) 100%)","background_repeat":"repeat","background_size":"auto","background_attachment":"scroll","patternColor":{"default":{"color":"#e5e7ea"}},"overlayColor":{"default":{"color":"CT_CSS_SKIP_RULE"}},"backgroundColor":{"default":{"color":"CT_CSS_SKIP_RULE"}}},"pageTitleBackground":{"background_type":"color","background_pattern":"type-1","background_image":{"attachment_id":null,"x":0,"y":0},"gradient":"linear-gradient(135deg,rgba(6,147,227,1) 0%,rgb(155,81,224) 100%)","background_repeat":"repeat","background_size":"auto","background_attachment":"scroll","patternColor":{"default":{"color":"#e5e7ea"}},"overlayColor":{"default":{"color":"CT_CSS_SKIP_RULE"}},"backgroundColor":{"default":{"color":"var(--theme-palette-color-6)"}}},"pageTitlePadding":{"top":"50px","bottom":"50px","left":"auto","right":"auto","linked":true},"88cc6000031554f936a17b8965df4761":"","page_structure_type":"default","a33ae576fe9a05e9e2f89b1f175f0581":"","content_style_source":"inherit","content_style":"wide","vertical_spacing_source":"custom","content_area_spacing":"none","background":{"background_type":"color","background_pattern":"type-1","background_image":{"attachment_id":null,"x":0,"y":0},"gradient":"linear-gradient(135deg,rgba(6,147,227,1) 0%,rgb(155,81,224) 100%)","background_repeat":"repeat","background_size":"auto","background_attachment":"scroll","patternColor":{"default":{"color":"#e5e7ea"}},"overlayColor":{"default":{"color":"CT_CSS_SKIP_RULE"}},"backgroundColor":{"default":{"color":"CT_CSS_SKIP_RULE"}}},"content_background":{"background_type":"color","background_pattern":"type-1","background_image":{"attachment_id":null,"x":0,"y":0},"gradient":"linear-gradient(135deg,rgba(6,147,227,1) 0%,rgb(155,81,224) 100%)","background_repeat":"repeat","background_size":"auto","background_attachment":"scroll","patternColor":{"default":{"color":"#e5e7ea"}},"overlayColor":{"default":{"color":"CT_CSS_SKIP_RULE"}},"backgroundColor":{"default":{"color":"var(--theme-palette-color-8)"}}},"content_boxed_shadow":{"inherit":false,"blur":18,"spread":-6,"v_offset":12,"h_offset":0,"inset":false,"enable":true,"color":{"color":"rgba(34, 56, 101, 0.04)"}},"boxed_content_spacing":{"desktop":{"top":"40px","bottom":"40px","left":"40px","right":"40px","linked":true},"tablet":{"top":"35px","bottom":"35px","left":"35px","right":"35px","linked":true},"mobile":{"top":"20px","bottom":"20px","left":"20px","right":"20px","linked":true}},"content_boxed_radius":{"top":"3px","bottom":"3px","left":"3px","right":"3px","linked":true},"00626150e85de0c37c2cec2449a9da29":"","disable_featured_image":"no","disable_header":"no","disable_footer":"no","styles_descriptor":{"styles":{"desktop":"","tablet":"","mobile":""},"google_fonts":[],"version":6}},"_links":{"self":[{"href":"https:\/\/soerenbauer.com\/index.php?rest_route=\/wp\/v2\/pages\/13","targetHints":{"allow":["GET"]}}],"collection":[{"href":"https:\/\/soerenbauer.com\/index.php?rest_route=\/wp\/v2\/pages"}],"about":[{"href":"https:\/\/soerenbauer.com\/index.php?rest_route=\/wp\/v2\/types\/page"}],"author":[{"embeddable":true,"href":"https:\/\/soerenbauer.com\/index.php?rest_route=\/wp\/v2\/users\/2"}],"replies":[{"embeddable":true,"href":"https:\/\/soerenbauer.com\/index.php?rest_route=%2Fwp%2Fv2%2Fcomments&post=13"}],"version-history":[{"count":9,"href":"https:\/\/soerenbauer.com\/index.php?rest_route=\/wp\/v2\/pages\/13\/revisions"}],"predecessor-version":[{"id":3473,"href":"https:\/\/soerenbauer.com\/index.php?rest_route=\/wp\/v2\/pages\/13\/revisions\/3473"}],"wp:attachment":[{"href":"https:\/\/soerenbauer.com\/index.php?rest_route=%2Fwp%2Fv2%2Fmedia&parent=13"}],"curies":[{"name":"wp","href":"https:\/\/api.w.org\/{rel}","templated":true}]}}